{"id":1859,"date":"2023-03-03T16:13:49","date_gmt":"2023-03-03T15:13:49","guid":{"rendered":"http:\/\/www.emilymagorrian.ch\/?page_id=1859"},"modified":"2026-01-22T22:40:06","modified_gmt":"2026-01-22T21:40:06","slug":"aktuell","status":"publish","type":"page","link":"https:\/\/www.emilymagorrian.ch\/?page_id=1859","title":{"rendered":"Aktuell"},"content":{"rendered":"\n<div class=\"wp-block-group\"><div class=\"wp-block-group__inner-container is-layout-constrained wp-block-group-is-layout-constrained\"><\/div><\/div>\n\n\n\n<p class=\"has-medium-font-size\"><strong>Was macht ds W\u00e4tter?<\/strong><\/p>\n\n\n\n<ul class=\"wp-block-list\">\n<li>Mi, 18. M\u00e4rz 2026 Th\u00e9\u00e2tre de Marionettes, Lausanne<\/li>\n\n\n\n<li>Sa, 21. M\u00e4rz 2026 Th\u00e9\u00e2tre de Marionettes, Lausanne<\/li>\n\n\n\n<li>So, 22. M\u00e4rz 2026 Th\u00e9\u00e2tre de Marionettes, Lausanne<\/li>\n\n\n\n<li>Mi, 8. April 2026 Festival M\u00e9li\u2019m\u00f4me, Reims FR<\/li>\n\n\n\n<li>Do, 9. April 2026 Festival M\u00e9li\u2019m\u00f4me, Reims FR<\/li>\n\n\n\n<li>Son, 26. April 2026 Theater am Kirchplatz, Schaan<\/li>\n\n\n\n<li>Mo, 27. April 2026 Theater am Kirchplatz, Schaan<\/li>\n<\/ul>\n\n\n\n<p><strong>Guet Nacht, Chuchi<\/strong><\/p>\n\n\n\n<ul class=\"wp-block-list\">\n<li>Mittwoch 29. April 2026 Theatre de la Grenouille, Biel<\/li>\n\n\n\n<li>Donnerstag 30. April 2026 Theatre de la Grenouille, Biel <\/li>\n\n\n\n<li>Sonntag 03. Mai 2026 Theatre de l\u2019Echandole, Yverdon<\/li>\n<\/ul>\n\n\n\n<p><strong>Kritische Zustand<\/strong><\/p>\n\n\n\n<ul class=\"wp-block-list\">\n<li>Freitag 23. Januar 2026 Staatsschaupiel Dresden Kleines Haus<\/li>\n\n\n\n<li>Dienstag 24. Februar 2026 Staatsschaupiel Dresden Kleines Haus<\/li>\n\n\n\n<li>Mittwoch 25. Februar 2026 Staatsschaupiel Dresden Kleines Haus<\/li>\n\n\n\n<li>Donnerstag 5. M\u00e4rz 2026 Staatsschaupiel Dresden Kleines Haus<\/li>\n\n\n\n<li>Samstag 7. M\u00e4rz 2026 Staatsschaupiel Dresden Kleines Haus<\/li>\n<\/ul>\n","protected":false},"excerpt":{"rendered":"<p>Was macht ds W\u00e4tter? Guet Nacht, Chuchi Kritische Zustand<\/p>\n","protected":false},"author":1,"featured_media":0,"parent":0,"menu_order":0,"comment_status":"closed","ping_status":"closed","template":"","meta":{"footnotes":""},"class_list":["post-1859","page","type-page","status-publish","hentry"],"_links":{"self":[{"href":"https:\/\/www.emilymagorrian.ch\/index.php?rest_route=\/wp\/v2\/pages\/1859","targetHints":{"allow":["GET"]}}],"collection":[{"href":"https:\/\/www.emilymagorrian.ch\/index.php?rest_route=\/wp\/v2\/pages"}],"about":[{"href":"https:\/\/www.emilymagorrian.ch\/index.php?rest_route=\/wp\/v2\/types\/page"}],"author":[{"embeddable":true,"href":"https:\/\/www.emilymagorrian.ch\/index.php?rest_route=\/wp\/v2\/users\/1"}],"replies":[{"embeddable":true,"href":"https:\/\/www.emilymagorrian.ch\/index.php?rest_route=%2Fwp%2Fv2%2Fcomments&post=1859"}],"version-history":[{"count":13,"href":"https:\/\/www.emilymagorrian.ch\/index.php?rest_route=\/wp\/v2\/pages\/1859\/revisions"}],"predecessor-version":[{"id":2005,"href":"https:\/\/www.emilymagorrian.ch\/index.php?rest_route=\/wp\/v2\/pages\/1859\/revisions\/2005"}],"wp:attachment":[{"href":"https:\/\/www.emilymagorrian.ch\/index.php?rest_route=%2Fwp%2Fv2%2Fmedia&parent=1859"}],"curies":[{"name":"wp","href":"https:\/\/api.w.org\/{rel}","templated":true}]}}